{"id":82,"date":"2019-11-19T00:35:11","date_gmt":"2019-11-18T23:35:11","guid":{"rendered":"https:\/\/eexponmea.com\/?page_id=82"},"modified":"2020-06-23T14:15:22","modified_gmt":"2020-06-23T12:15:22","slug":"where-do-we-operate","status":"publish","type":"page","link":"https:\/\/eexponmea.com\/de\/where-do-we-operate\/","title":{"rendered":"Unser T\u00e4tigkeitsgebiet"},"content":{"rendered":"<ul class=\"one\"><li><p>Von Deutschland agierend, ist das Hauptgesch\u00e4ftsfeld von <strong><em>eexponmea&nbsp;<\/em><\/strong>der Nahe und Mittlere Osten sowie afrikanische L\u00e4nder wie <br><br>T\u00fcrkei, Iran, Vereinigte Arabische Emirate, Saudi-Arabien, Bahrain, Katar, Kuwait, Oman, Yemen, Irak, Syrien, Libanon,\nIsrael, Pal\u00e4stina, Jordanien und Pakistan, Afghanistan, Indien, \u00c4gypten, Tunesien, Algerien, Libyen, Marokko, \u00c4thiopien, Kenia, Tansania, Sambia, Simbabwe, Uganda, Angola, Sierra Leone, Elfenbeink\u00fcste, Ghana, Nigeria, Gambia, Gabun, S\u00fcdafrika, Mauritius und anderswo.<\/p><\/ul>","protected":false},"excerpt":{"rendered":"<p>Based from Germany, eexponmea\u2019s primary area of operations are the Near \/ Middle East &amp; African countries like Turkey, Iran, United Arab Emirates, Saudi Arabia, Bahrain, Qatar, Kuwait, Oman, Yemen, Iraq, Syria, Lebanon Israel, Palestine, Jordan and Pakistan, Afghanistan, India, Egypt, Tunisia, Algeria, Libya, Morocco, Ethiopia, Kenya, Tanzania, Zambia, Zimbabwe, [&hellip;]<\/p>","protected":false},"author":1,"featured_media":0,"parent":0,"menu_order":0,"comment_status":"closed","ping_status":"closed","template":"","meta":{"footnotes":""},"_links":{"self":[{"href":"https:\/\/eexponmea.com\/de\/wp-json\/wp\/v2\/pages\/82"}],"collection":[{"href":"https:\/\/eexponmea.com\/de\/wp-json\/wp\/v2\/pages"}],"about":[{"href":"https:\/\/eexponmea.com\/de\/wp-json\/wp\/v2\/types\/page"}],"author":[{"embeddable":true,"href":"https:\/\/eexponmea.com\/de\/wp-json\/wp\/v2\/users\/1"}],"replies":[{"embeddable":true,"href":"https:\/\/eexponmea.com\/de\/wp-json\/wp\/v2\/comments?post=82"}],"version-history":[{"count":6,"href":"https:\/\/eexponmea.com\/de\/wp-json\/wp\/v2\/pages\/82\/revisions"}],"predecessor-version":[{"id":612,"href":"https:\/\/eexponmea.com\/de\/wp-json\/wp\/v2\/pages\/82\/revisions\/612"}],"wp:attachment":[{"href":"https:\/\/eexponmea.com\/de\/wp-json\/wp\/v2\/media?parent=82"}],"curies":[{"name":"wp","href":"https:\/\/api.w.org\/{rel}","templated":true}]}}