{"id":81,"date":"2019-11-19T00:35:11","date_gmt":"2019-11-18T23:35:11","guid":{"rendered":"https:\/\/eexponmea.com\/?page_id=81"},"modified":"2020-04-24T18:09:12","modified_gmt":"2020-04-24T16:09:12","slug":"what-we-do","status":"publish","type":"page","link":"https:\/\/eexponmea.com\/de\/what-we-do\/","title":{"rendered":"Unsere Dienstleistungen"},"content":{"rendered":"<ul class=\"one\"><li><p><strong><em>eexponmea&nbsp;<\/em><\/strong> ist ein regionaler Vertriebs- und Marketingspezialist, der 2020 in Deutschland gegr\u00fcndet wurde und in allen L\u00e4ndern des Golfkooperationsrates (GCC) sowie im Nahen \/ Mittleren Osten &amp; in Afrika t\u00e4tig ist. <\/p><\/li>\n\n\n\n<li><p>Wir sind spezialisiert auf die Planung, den Aufbau und das Management von Vertriebskan\u00e4len, die unseren Kunden jetzt und in Zukunft profitable Einnahmequellen bieten.<\/p><\/li>\n\n\n\n<li><p>Infolgedessen bietet <strong><em>eexponmea&nbsp;<\/em><\/strong> Markeninhabern eine einzigartige und kosteng\u00fcnstige L\u00f6sung, mit der sie in die M\u00e4rkte im Nahen \/ Mittleren Osten und in Afrika eintreten k\u00f6nnen, ohne die Kosten, Risiken und Verz\u00f6gerungen zu tragen, die mit der Er\u00f6ffnung von Auslandsb\u00fcros und der Einstellung von Mitarbeitern verbunden sind.<\/p><\/li>\n\n\n\n<li><p><strong><em>eexponmea&nbsp;<\/em><\/strong> ist spezialisiert auf den Aufbau von Marken \u00fcber verschiedene Handelskan\u00e4le hinweg, darunter Konsumg\u00fcter, Automobil- und Haushaltswaren sowie andere Produkte.<\/p><\/li>\n\n\n\n<li><p>Wir f\u00fchren alle wichtigen Vertriebs- und Marketingfunktionen aus, die die Exportabteilung eines Unternehmens \u00fcbernehmen w\u00fcrde, und nutzen dabei unsere umfassende Erfahrung in der strategischen Gesch\u00e4ftsplanung, im Vertriebs- und Marketingmanagement sowie in der Markenf\u00fchrung im Nahen \/ Mittleren Osten &amp; in Afrika.<\/p><\/li>\n\n\n\n<li><p>Wir ernennen und verwalten die richtigen Distributoren, helfen bei der Registrierung Ihrer Produkte bei den Beh\u00f6rden und bieten spezielle Unterst\u00fctzung f\u00fcr Logistik und Supply Chain Management, um sicherzustellen, dass Ihre Produkte oder Dienstleistungen so schnell und effizient wie m\u00f6glich bei Ihren Kunden ankommen.<\/p><\/li>\n\n\n\n<li><p>Unser Vorteil ist, dass wir die Region kennen und  in dieser arbeiten, die zollrechtlichen Vorschriften, die Kultur dieses Marktes und seiner Menschen verstehen und hier Erfahrung haben.<\/p><\/li>\n\n\n\n<p><\/p>","protected":false},"excerpt":{"rendered":"<p>eexponmea is a regional Sales and Marketing specialist, established in Germany in 2020, operating throughout the Gulf Cooperation Council (GCC) countries as well as the Near \/ Middle East &amp; Africa. We specialize in planning, building and managing sales channels which will deliver profitable revenue streams for our clients now [&hellip;]<\/p>","protected":false},"author":1,"featured_media":0,"parent":0,"menu_order":0,"comment_status":"closed","ping_status":"closed","template":"","meta":{"footnotes":""},"_links":{"self":[{"href":"https:\/\/eexponmea.com\/de\/wp-json\/wp\/v2\/pages\/81"}],"collection":[{"href":"https:\/\/eexponmea.com\/de\/wp-json\/wp\/v2\/pages"}],"about":[{"href":"https:\/\/eexponmea.com\/de\/wp-json\/wp\/v2\/types\/page"}],"author":[{"embeddable":true,"href":"https:\/\/eexponmea.com\/de\/wp-json\/wp\/v2\/users\/1"}],"replies":[{"embeddable":true,"href":"https:\/\/eexponmea.com\/de\/wp-json\/wp\/v2\/comments?post=81"}],"version-history":[{"count":23,"href":"https:\/\/eexponmea.com\/de\/wp-json\/wp\/v2\/pages\/81\/revisions"}],"predecessor-version":[{"id":511,"href":"https:\/\/eexponmea.com\/de\/wp-json\/wp\/v2\/pages\/81\/revisions\/511"}],"wp:attachment":[{"href":"https:\/\/eexponmea.com\/de\/wp-json\/wp\/v2\/media?parent=81"}],"curies":[{"name":"wp","href":"https:\/\/api.w.org\/{rel}","templated":true}]}}