{"id":80,"date":"2019-11-19T00:35:10","date_gmt":"2019-11-18T23:35:10","guid":{"rendered":"https:\/\/eexponmea.com\/?page_id=80"},"modified":"2020-04-24T18:07:09","modified_gmt":"2020-04-24T16:07:09","slug":"privacy-statement","status":"publish","type":"page","link":"https:\/\/eexponmea.com\/de\/privacy-statement\/","title":{"rendered":"Datenschutzerkl\u00e4rung"},"content":{"rendered":"<p>Diese Datenschutzerkl\u00e4rung beschreibt, wie wir die Informationen verwenden, die wir von Besuchern unserer Website sammeln. Wir geben diese Erkl\u00e4rung ab, da Sie das Recht haben, zu erfahren, welche Informationen wir \u00fcber Sie sammeln.<\/p>\n\n\n\n<p>eexponmea sammelt&nbsp;<strong>nicht<\/strong>&nbsp;pers\u00f6nliche Informationen wie Name, Geschlecht, Alter\/Geburtsdatum von Besuchern unserer Website.<\/p>\n\n\n\n<p>Wir verwenden jedoch Cookies. Die spezifischen Cookies, die wir auf unserer Website verwenden, sind:<\/p>\n\n\n\n<p><strong>_utma, _utmz<\/strong><\/p>\n\n\n\n<p>Diese Cookies erm\u00f6glichen die Funktion der Google Analytics-Software. Mit dieser Software k\u00f6nnen wir Besucherinformationen wie Browsernutzung, neue Besucherzahlen und Reaktionen auf Marketingaktivit\u00e4ten erfassen und analysieren. Diese Informationen helfen uns, die Website und Ihr Besuchererlebnis zu verbessern und unsere Marketingkampagnen relevant zu machen.<\/p>\n\n\n\n<p>Die von diesen Cookies gespeicherten Daten sind nur f\u00fcr die zust\u00e4ndigen Teams von eexponmea und Google einsehbar und zeigen niemals personenbezogene Daten an, anhand derer Ihre individuelle Identit\u00e4t festgestellt werden kann.<\/p>\n\n\n\n<p><strong>\u00b4Teilen\u00b4 M\u00f6glichkeiten<\/strong><br>Wenn Sie die M\u00f6glichkeit nutzen, Inhalte von eexponmea.com \u00fcber soziale Netzwerke wie Facebook und Twitter mit Freunden zu teilen, werden m\u00f6glicherweise Cookies von diesen Websites gesendet. Wir haben keine Kontrolle \u00fcber die Einstellung dieser Cookies. Wir empfehlen Ihnen daher, auf den Websites von Drittanbietern nach weiteren Informationen zu deren Cookies und deren Verwaltung zu suchen.<\/p>\n\n\n\n<p><strong>Cookies verwalten<\/strong><br>Wenn Sie sich \u00fcber den Typ und die Version des Webbrowsers, mit dem Sie auf das Internet zugreifen, nicht sicher sind:<\/p>\n\n\n\n<p>F\u00fcr PCs: Klicken Sie oben im Browserfenster auf \"Hilfe\" und w\u00e4hlen Sie die Option \"Info\"<br><br>F\u00fcr Macs: Klicken Sie bei ge\u00f6ffnetem Browserfenster auf das Apple-Men\u00fc und w\u00e4hlen Sie die Option \"Info\"<\/p>\n\n\n\n<p>So deaktivieren Sie Cookies:<\/p>\n\n\n\n<p><strong>Google Chrome<\/strong><\/p>\n\n\n\n<ol><li>Klicken Sie oben in Ihrem Browserfenster auf \"Extras\" und w\u00e4hlen Sie \"Optionen\"<\/li><li>Klicken Sie auf die Registerkarte \"Weitere Tools\", suchen Sie den Abschnitt \"Datenschutz\", w\u00e4hlen Sie die Schaltfl\u00e4che \"Inhaltseinstellungen\" und klicken Sie auf die Schaltfl\u00e4che \"Browserdaten l\u00f6schen\".<\/li><\/ol>\n\n\n\n<p><strong>Microsoft Internet Explorer<\/strong><\/p>\n\n\n\n<ol><li>Klicken Sie oben in Ihrem Browserfenster auf \"Extras\" und w\u00e4hlen Sie \"Internetoptionen\". Klicken Sie anschlie\u00dfend auf die Registerkarte \"Datenschutz\"<\/li><li>\u00dcberpr\u00fcfen Sie Ihre Datenschutzstufe. Mittel oder niedriger aktiviert Cookies in Ihrem Browser. Einstellungen \u00fcber Mittel deaktivieren Cookies<\/li><\/ol>\n\n\n\n<p><strong>Mozilla Firefox<\/strong><\/p>\n\n\n\n<ol><li>Klicken Sie oben in Ihrem Browserfenster auf \"Extras\" und w\u00e4hlen Sie \"Optionen\"<\/li><li>W\u00e4hlen Sie dann das Datenschutzsymbol<\/li><li>Klicken Sie auf Cookies und w\u00e4hlen Sie die entsprechende Aktion aus, um alle Cookies zu entfernen.<\/li><\/ol>\n\n\n\n<p><strong>Safari<\/strong><\/p>\n\n\n\n<ol><li>Klicken Sie oben in Ihrem Browserfenster auf das Zahnradsymbol und w\u00e4hlen Sie die Option \"Einstellungen\"<\/li><li>Klicken Sie auf \"Sicherheit\" und aktivieren Sie die Option \"Cookies von Drittanbietern und Werbung blockieren\".<\/li><li>Klicken Sie auf \"Speichern\".<\/li><\/ol>\n\n\n\n<p><strong>So \u00fcberpr\u00fcfen Sie, ob Cookies f\u00fcr Macs aktiviert sind<\/strong><\/p>\n\n\n\n<p><strong>Microsoft Internet Explorer on OSX<\/strong><\/p>\n\n\n\n<ol><li>Klicken Sie oben in Ihrem Browserfenster auf \"Explorer\" und w\u00e4hlen Sie \"Einstellungen\"<\/li><li>Scrollen Sie nach unten, bis unter \"Dateien empfangen\" \"Cookies\" angezeigt wird<\/li><li>W\u00e4hlen Sie die entsprechende Option<\/li><\/ol>\n\n\n\n<p><strong>Safari on OSX<\/strong><\/p>\n\n\n\n<ol><li>Klicken Sie oben in Ihrem Browserfenster auf \"Safari\" und w\u00e4hlen Sie die Option \"Einstellungen\"<\/li><li>Klicken Sie auf \"Sicherheit\".<\/li><\/ol>\n\n\n\n<p><strong>Mozilla und Netscape on OSX<\/strong><\/p>\n\n\n\n<ol><li>Klicken Sie oben in Ihrem Browserfenster auf \"Mozilla\" oder \"Netscape\" und w\u00e4hlen Sie die Option \"Einstellungen\"<\/li><li>Scrollen Sie nach unten, bis unter \"Datenschutz und Sicherheit\" Cookies angezeigt werden.<\/li><\/ol>\n\n\n\n<p><strong>Opera<\/strong><\/p>\n\n\n\n<ol><li>Klicken Sie oben in Ihrem Browserfenster auf \"Men\u00fc\" und w\u00e4hlen Sie \"Einstellungen\".<\/li><li>W\u00e4hlen Sie dann \"Einstellungen\" und anschlie\u00dfend die Registerkarte \"Erweitert\"<\/li><\/ol>\n\n\n\n<p><strong>Alle anderen Browser<\/strong><\/p>\n\n\n\n<p>Bitte konsultieren Sie Ihre Dokumentation oder Online-Hilfedateien.<\/p>\n\n\n\n<p><strong>Cookies von Drittanbietern<\/strong><br>Wenn Sie eexponmea.com besuchen, stellen Sie m\u00f6glicherweise einige Cookies fest, die nicht mit eexponmea zusammenh\u00e4ngen. Wenn Sie eine Seite besuchen, die eingebetteten Inhalt enth\u00e4lt, beispielsweise von YouTube, werden Ihnen m\u00f6glicherweise Cookies von diesen Websites gesendet. Wir haben keine Kontrolle \u00fcber die Einstellung dieser Cookies. Wir empfehlen Ihnen daher, auf den Websites von Drittanbietern nach weiteren Informationen zu deren Cookies und deren Verwaltung zu suchen.<\/p>\n\n\n\n<p><strong>Weitere Informationen zu Cookies<\/strong><br>Wenn Sie mehr \u00fcber Cookies im Allgemeinen und deren Verwaltung erfahren m\u00f6chten, besuchen Sie&nbsp;<a href=\"http:\/\/www.aboutcookies.org\/\">www.aboutcookies.org<\/a>&nbsp;(wird in einem neuen Fenster ge\u00f6ffnet. Bitte beachten Sie, dass wir nicht f\u00fcr den Inhalt externer Websites verantwortlich sind.)<\/p>","protected":false},"excerpt":{"rendered":"<p>This Privacy Statement describes how we use the information we collect from visitors to our Website.&nbsp; We provide this statement because you have the right to know what information we collect about you. eexponmea do&nbsp;not&nbsp;collect personal information such as name, gender, age\/ date of birth from visitors to our website. [&hellip;]<\/p>","protected":false},"author":1,"featured_media":0,"parent":0,"menu_order":0,"comment_status":"closed","ping_status":"closed","template":"","meta":{"footnotes":""},"_links":{"self":[{"href":"https:\/\/eexponmea.com\/de\/wp-json\/wp\/v2\/pages\/80"}],"collection":[{"href":"https:\/\/eexponmea.com\/de\/wp-json\/wp\/v2\/pages"}],"about":[{"href":"https:\/\/eexponmea.com\/de\/wp-json\/wp\/v2\/types\/page"}],"author":[{"embeddable":true,"href":"https:\/\/eexponmea.com\/de\/wp-json\/wp\/v2\/users\/1"}],"replies":[{"embeddable":true,"href":"https:\/\/eexponmea.com\/de\/wp-json\/wp\/v2\/comments?post=80"}],"version-history":[{"count":7,"href":"https:\/\/eexponmea.com\/de\/wp-json\/wp\/v2\/pages\/80\/revisions"}],"predecessor-version":[{"id":568,"href":"https:\/\/eexponmea.com\/de\/wp-json\/wp\/v2\/pages\/80\/revisions\/568"}],"wp:attachment":[{"href":"https:\/\/eexponmea.com\/de\/wp-json\/wp\/v2\/media?parent=80"}],"curies":[{"name":"wp","href":"https:\/\/api.w.org\/{rel}","templated":true}]}}