{"id":79,"date":"2019-11-19T00:35:10","date_gmt":"2019-11-18T23:35:10","guid":{"rendered":"https:\/\/eexponmea.com\/?page_id=79"},"modified":"2020-04-24T18:10:30","modified_gmt":"2020-04-24T16:10:30","slug":"why-eexponmea","status":"publish","type":"page","link":"https:\/\/eexponmea.com\/de\/why-eexponmea\/","title":{"rendered":"Warum eexponmea?"},"content":{"rendered":"<ul class=\"one\"><li>Wir haben Erfahrung mit Vertriebspartnern, welche vor Ort sind und auch in dieser Region arbeiten<\/li><br><li>Wir verstehen den Nahen \/ Mittlere Osten &amp; Afrika, seine Menschen, Kultur und zollrechtlichen Vorschriften.<\/li><br><li>Wir sind in der Lage, das Gesch\u00e4ft trotz der Schwierigkeiten in der Region stetig auszubauen<\/li><br><li>Wir schaffen signifikante Verkaufsmengen, selbst wenn diese durch kleine Marketingbudgets begrenzt sind<\/li><br><li>Wir haben ein bestehendes Netzwerk von Vertriebspartnern in der gesamten Region<\/li><br><li><em><strong>eexponmea&nbsp;<\/strong><\/em>\u00b4s Dienstleistungen sind vor allem f\u00fcr kleine und mittelst\u00e4ndische Unternehmen, die die lukrativen M\u00e4rkte des Nahen und Mittleren Ostens &amp; Afrikas erkunden m\u00f6chten, jedoch nicht \u00fcber die erforderlichen finanziellen Mittel oder Ressourcen verf\u00fcgen, von Vorteil.<\/li><br><li>Von etablierten Unternehmen, die in neue Exportm\u00e4rkte expandieren m\u00f6chten, bis zu Neugr\u00fcndungen, die in dieser dynamischen und komplexen Region Fu\u00df fassen m\u00f6chten, ist <strong><em>eexponmea&nbsp;<\/em><\/strong> gut aufgestellt, um fachkundigen Ratschlag und eine entsprechende Beratung zu gew\u00e4hrleisten.<\/li><br><li>Unsere Expertise erm\u00f6glicht es Kunden, ihr Gesch\u00e4ft effizient auszubauen und dabei unsere Ressourcen und direkten Verbindungen zu den richtigen H\u00e4ndlern und Partnern in der Region zu nutzen.<\/li><br><li><strong><em>eexponmea&nbsp;<\/em><\/strong> leistet auf diese Weise einen einzigartigen, kosteneffektiven und ergebnisorientierten Service, welcher dem Markeninhaber  erm\u00f6glicht, in den Markt einzusteigen und sein Gesch\u00e4ft auf der Grundlage variabler anstatt fester Kosten, die ausschlie\u00dflich auf der Gesch\u00e4ftsleistung beruhen, auszubauen.<\/li><\/ul>","protected":false},"excerpt":{"rendered":"<p>We have experience with distributors located and working in the region We understand the Near \/ Middle East &amp; Africa, its people, culture and customs Our ability is to consistently grow the business despite the difficulties in the region We build significant sales volumes even when limited by small marketing [&hellip;]<\/p>","protected":false},"author":1,"featured_media":0,"parent":0,"menu_order":0,"comment_status":"closed","ping_status":"closed","template":"","meta":{"footnotes":""},"_links":{"self":[{"href":"https:\/\/eexponmea.com\/de\/wp-json\/wp\/v2\/pages\/79"}],"collection":[{"href":"https:\/\/eexponmea.com\/de\/wp-json\/wp\/v2\/pages"}],"about":[{"href":"https:\/\/eexponmea.com\/de\/wp-json\/wp\/v2\/types\/page"}],"author":[{"embeddable":true,"href":"https:\/\/eexponmea.com\/de\/wp-json\/wp\/v2\/users\/1"}],"replies":[{"embeddable":true,"href":"https:\/\/eexponmea.com\/de\/wp-json\/wp\/v2\/comments?post=79"}],"version-history":[{"count":5,"href":"https:\/\/eexponmea.com\/de\/wp-json\/wp\/v2\/pages\/79\/revisions"}],"predecessor-version":[{"id":507,"href":"https:\/\/eexponmea.com\/de\/wp-json\/wp\/v2\/pages\/79\/revisions\/507"}],"wp:attachment":[{"href":"https:\/\/eexponmea.com\/de\/wp-json\/wp\/v2\/media?parent=79"}],"curies":[{"name":"wp","href":"https:\/\/api.w.org\/{rel}","templated":true}]}}