{"id":78,"date":"2019-11-19T00:35:10","date_gmt":"2019-11-18T23:35:10","guid":{"rendered":"https:\/\/eexponmea.com\/?page_id=78"},"modified":"2020-05-08T15:30:05","modified_gmt":"2020-05-08T13:30:05","slug":"why-do-business-in-mea","status":"publish","type":"page","link":"https:\/\/eexponmea.com\/de\/why-do-business-in-mea\/","title":{"rendered":"Warum der Mittlere Osten \/ Afrika?"},"content":{"rendered":"<ul class=\"one\"><li>411 Millionen Einwohner im Nahen Osten mit einem durchschnittlichen Pro-Kopf-BIP von 40.700 USD und einem durchschnittlichen Wirtschaftswachstum von 2,6% (im GCC liegt der BIP bei 59.900 USD und das durchschnittliche Wirtschaftswachstum bei 3,9%)<\/li><br><li>1,3 Milliarden Einwohner in Afrika und ein durchschnittliches Wirtschaftswachstum von 4,3%. Damit hat Afrika die am zweitschnellsten wachsende Wirtschaft der Welt (Bericht der Afrikanischen Bank f\u00fcr Entwicklung) <\/li><br><li>sehr junge und schnell wachsende Bev\u00f6lkerungen <\/li><br><li>bis 2050 wird ein Drittel der Weltbev\u00f6lkerung in der Region leben - 2,9 Milliarden Einwohner<\/li><br><li>Zunahme der Konsumausgaben in den meisten Teilen der Region<\/li><br><li>Hohes Potenzial f\u00fcr das Gesch\u00e4ft mit Konsumg\u00fctern<\/li><br><li>Investitionen in Megaprojekte, Infrastruktur und Tourismus<\/li><br><li>Wichtige M\u00f6glichkeiten von Wiederausfuhr in Nachbarl\u00e4nder<\/li><\/ul>","protected":false},"excerpt":{"rendered":"<p>411 million-population in the Middle East with an average per capita GDP of US $40,700 and an average growth of 2.6% (in the GCC this rate is about US $59,900 and the average growth 3.9%) 1.3 billion-population in Africa and an average growth of 4.3%. Thus Africa is the world\u00b4s [&hellip;]<\/p>","protected":false},"author":1,"featured_media":0,"parent":0,"menu_order":0,"comment_status":"closed","ping_status":"closed","template":"","meta":{"footnotes":""},"_links":{"self":[{"href":"https:\/\/eexponmea.com\/de\/wp-json\/wp\/v2\/pages\/78"}],"collection":[{"href":"https:\/\/eexponmea.com\/de\/wp-json\/wp\/v2\/pages"}],"about":[{"href":"https:\/\/eexponmea.com\/de\/wp-json\/wp\/v2\/types\/page"}],"author":[{"embeddable":true,"href":"https:\/\/eexponmea.com\/de\/wp-json\/wp\/v2\/users\/1"}],"replies":[{"embeddable":true,"href":"https:\/\/eexponmea.com\/de\/wp-json\/wp\/v2\/comments?post=78"}],"version-history":[{"count":7,"href":"https:\/\/eexponmea.com\/de\/wp-json\/wp\/v2\/pages\/78\/revisions"}],"predecessor-version":[{"id":505,"href":"https:\/\/eexponmea.com\/de\/wp-json\/wp\/v2\/pages\/78\/revisions\/505"}],"wp:attachment":[{"href":"https:\/\/eexponmea.com\/de\/wp-json\/wp\/v2\/media?parent=78"}],"curies":[{"name":"wp","href":"https:\/\/api.w.org\/{rel}","templated":true}]}}