{"id":166,"date":"2019-11-19T12:58:14","date_gmt":"2019-11-19T11:58:14","guid":{"rendered":"https:\/\/eexponmea.com\/?page_id=166"},"modified":"2020-05-12T01:25:24","modified_gmt":"2020-05-11T23:25:24","slug":"what-can-you-expect","status":"publish","type":"page","link":"https:\/\/eexponmea.com\/de\/what-can-you-expect\/","title":{"rendered":"Ihre Vorteile"},"content":{"rendered":"<ul class=\"one\"><li>Identifizierung und Ernennung des \"richtigen\" Vertriebspartners, der Ihre Marke maximal in Szene setzt.<\/li><br><li>Vorbereitung und Umsetzung von Marketingpl\u00e4nen auf regionaler und (falls erforderlich) individueller Marktbasis.<\/li><br><li>Sorgf\u00e4ltige Verteilung der verf\u00fcgbaren Marketingmittel, um die Kapitalrendite des Auftraggebers zu maximieren.<\/li><br><li>Organisation und Durchf\u00fchrung von Aktivit\u00e4ten zur F\u00f6rderung der Sichtbarkeit, Verbreitung und des Bewusstseins der Verbraucher.<\/li><br><li>Auftragsplanung und -prognose, um sicherzustellen, dass die H\u00e4ndler auf Umsatzbudgets hinarbeiten und diese erreichen.<\/li><br><li>Laufende monatliche Bestandskontrollberichte, um potenzielle Marktprobleme schnell zu erkennen und darauf zu reagieren.<\/li><br><li>Besuchen der M\u00e4rkte in der Region, um sicherzustellen, dass die H\u00e4ndler den Fokus im Auge behalten.<\/li><br><li>\u00dcberwachung der F\u00e4lschungsaktivit\u00e4ten in der Region und Ergreifung der erforderlichen Ma\u00dfnahmen zur Bek\u00e4mpfung dieser immer gr\u00f6\u00dfer werdenden Bedrohung.<\/li><br><li>Schutz von Marken und geistigem Eigentum sowie Markenverteidigung.<\/li><\/ul>","protected":false},"excerpt":{"rendered":"<p>Identification and appointment of the \u2018right\u2019 distributor who will give maximum exposure to your brand. Preparation and implementation of marketing plans both on a regional and (if required) individual market basis. Careful allocation of available marketing funds to provide the maximum return on investment for the principal. Organization and execution [&hellip;]<\/p>","protected":false},"author":1,"featured_media":0,"parent":0,"menu_order":0,"comment_status":"closed","ping_status":"closed","template":"","meta":{"footnotes":""},"_links":{"self":[{"href":"https:\/\/eexponmea.com\/de\/wp-json\/wp\/v2\/pages\/166"}],"collection":[{"href":"https:\/\/eexponmea.com\/de\/wp-json\/wp\/v2\/pages"}],"about":[{"href":"https:\/\/eexponmea.com\/de\/wp-json\/wp\/v2\/types\/page"}],"author":[{"embeddable":true,"href":"https:\/\/eexponmea.com\/de\/wp-json\/wp\/v2\/users\/1"}],"replies":[{"embeddable":true,"href":"https:\/\/eexponmea.com\/de\/wp-json\/wp\/v2\/comments?post=166"}],"version-history":[{"count":9,"href":"https:\/\/eexponmea.com\/de\/wp-json\/wp\/v2\/pages\/166\/revisions"}],"predecessor-version":[{"id":508,"href":"https:\/\/eexponmea.com\/de\/wp-json\/wp\/v2\/pages\/166\/revisions\/508"}],"wp:attachment":[{"href":"https:\/\/eexponmea.com\/de\/wp-json\/wp\/v2\/media?parent=166"}],"curies":[{"name":"wp","href":"https:\/\/api.w.org\/{rel}","templated":true}]}}