{"id":113,"date":"2019-11-19T00:41:01","date_gmt":"2019-11-18T23:41:01","guid":{"rendered":"https:\/\/eexponmea.com\/?page_id=113"},"modified":"2023-10-10T17:30:21","modified_gmt":"2023-10-10T15:30:21","slug":"legal-notice","status":"publish","type":"page","link":"https:\/\/eexponmea.com\/de\/legal-notice\/","title":{"rendered":"Impressum"},"content":{"rendered":"<p><strong>Impressum<\/strong><br>eexponmea trading company<br>Anil \u00d6zdemir<br>Lindenstra\u00dfe 69<br>95028 Hof<br>Germany<\/p>\n\n\n\n<p>\nMobil: +49 176 77 99 4417<br>\nE-Mail: info@eexponmea.com<br>\nWebsite: https:\/\/www.eexponmea.com<\/p>\n\n\n\n<p>Inhaber: Anil \u00d6zdemir<br>\nSitz des Unternehmens: Hof<br>\nUSt-IdNr.: DE329294976<br>\nFinanzamt: HOF<\/p>\n\n\n\n<p><strong>Verantwortlich f\u00fcr den Inhalt<\/strong>\u00a0<br>Anil \u00d6zdemir<br>Lindenstra\u00dfe 69<br>95028 Hof<br>Germany<\/p>\n\n\n\n<p><strong>Haftungsausschluss<\/strong>&nbsp;<br><strong>Haftung f\u00fcr Inhalte<br><\/strong>Die Inhalte dieser Seite wurden mit gr\u00f6\u00dfter Sorgfalt erstellt. F\u00fcr die Richtigkeit, Vollst\u00e4ndigkeit und Aktualit\u00e4t der Inhalte k\u00f6nnen wir jedoch keine Gew\u00e4hr \u00fcbernehmen. Als Diensteanbieter sind wir gem\u00e4\u00df \u00a7 6 Abs.1 TMG f\u00fcr eigene Inhalte auf diesen Seiten nach den allgemeinen Gesetzen verantwortlich. Diensteanbieter sind jedoch nicht verpflichtet, die von ihnen \u00fcbermittelten oder gespeicherten fremden Informationen zu \u00fcberwachen oder nach Umst\u00e4nden zu forschen, die auf eine rechtswidrige T\u00e4tigkeit hinweisen. Verpflichtungen zur Entfernung oder Sperrung der Nutzung von Informationen nach den allgemeinen Gesetzen bleiben hiervon unber\u00fchrt. Unsere Haftung in solchen F\u00e4llen beginnt jedoch mit dem Zeitpunkt der Kenntnis einer konkreten Rechtsverletzung. Bei Bekanntwerden von entsprechenden Rechtsverletzungen werden wir diese Inhalte umgehend entfernen.<br><\/p>\n\n\n\n<p><strong>Haftung f\u00fcr Links<\/strong><br>Diese Website enth\u00e4lt Links zu externen Webseiten Dritter, auf deren Inhalte wir keinen Einfluss haben. Deshalb k\u00f6nnen wir f\u00fcr diese fremden Inhalte auch keine Gew\u00e4hr \u00fcbernehmen. F\u00fcr den Inhalt der verlinkten Seiten sind ausschlie\u00dflich deren Betreiber verantwortlich. Alle verlinkten Seiten wurden zum Zeitpunkt der Verlinkung auf m\u00f6gliche Rechtsverst\u00f6\u00dfe \u00fcberpr\u00fcft. Zu dem Zeitpunkt waren uns keine Inhalte bekannt, die gegen geltendes Recht versto\u00dfen k\u00f6nnten. Eine permanente inhaltliche Kontrolle der verlinkten Seiten ist jedoch ohne konkrete Anhaltspunkte einer Rechtsverletzung nicht zumutbar. Bei Bekanntwerden von Rechtsverletzungen werden wir derartige Links umgehend entfernen.<br><\/p>\n\n\n\n<p><strong>Copyright<\/strong><br>Der Betreiber dieser Website bem\u00fcht sich, die Urheberrechte Dritter zu respektieren und sein eigenes Material und Material \u00f6ffentlich zug\u00e4nglich zu machen. Alle Inhalte und Materialien auf dieser Website, die vom Betreiber der Website erstellt wurden, unterliegen dem deutschen Urheberrecht. Downloads und Kopien dieser Website d\u00fcrfen nur f\u00fcr den privaten, nicht kommerziellen Gebrauch erstellt werden. Die Vervielf\u00e4ltigung, Verarbeitung, Verbreitung und jede Form der Verwertung, die \u00fcber das Urheberrecht hinausgeht, bedarf der schriftlichen Zustimmung des betreffenden Autors oder Urhebers. Beitr\u00e4ge Dritter sind als solche gekennzeichnet. Sollte jemand Kenntnis von einer m\u00f6glichen Urheberrechtsverletzung erhalten, bitten wir Sie, uns dar\u00fcber zu informieren. Bei Kenntnis eines solchen Versto\u00dfes werden wir den jeweiligen Inhalt unverz\u00fcglich entfernen.<br><\/p>\n\n\n\n<p><strong>Datenschutz<\/strong><br>Die Nutzung dieser Webseite ist in der Regel ohne Angabe personenbezogener Daten m\u00f6glich. Die Angabe personenbezogener Daten (beispielsweise Name, Anschrift oder E-Mail-Adressen) erfolgt ausschlie\u00dflich auf freiwilliger Basis. Diese Daten werden ohne Ihre ausdr\u00fcckliche Zustimmung nicht an Dritte weitergegeben. Wir weisen darauf hin, dass die Daten\u00fcbertragung im Internet (zB bei der Kommunikation per E-Mail) Sicherheitsl\u00fccken aufweisen kann. Ein l\u00fcckenloser Schutz der Daten vor dem Zugriff durch Dritte ist nicht m\u00f6glich. Der Nutzung von im Rahmen der Impressumspflicht ver\u00f6ffentlichten Kontaktdaten durch Dritte zur \u00dcbersendung von nicht ausdr\u00fccklich angeforderter Werbung und Informationsmaterialien wird hiermit ausdr\u00fccklich widersprochen. Der Seitenbetreiber beh\u00e4lt sich ausdr\u00fccklich rechtliche Schritte gegen die Versendung von Werbeinformationen durch Spam oder \u00c4hnliches vor.<\/p>","protected":false},"excerpt":{"rendered":"<p>Imprinteexponmea trading companyAnil \u00d6zdemirLindenstra\u00dfe 6995028 HofGermany Mobile: +49 176 77 99 4417 E-Mail: info@eexponmea.com Website: https:\/\/www.eexponmea.com Owner: Anil \u00d6zdemir Registered office: Hof VAT No. DE329294976 Tax office: HOF Responsible for content\u00a0Anil \u00d6zdemirLindenstra\u00dfe 6995028 HofGermany Disclaimer&nbsp;Liability for contentThe content of this site has been created with the greatest of care. We [&hellip;]<\/p>","protected":false},"author":1,"featured_media":0,"parent":0,"menu_order":0,"comment_status":"closed","ping_status":"closed","template":"","meta":{"footnotes":""},"_links":{"self":[{"href":"https:\/\/eexponmea.com\/de\/wp-json\/wp\/v2\/pages\/113"}],"collection":[{"href":"https:\/\/eexponmea.com\/de\/wp-json\/wp\/v2\/pages"}],"about":[{"href":"https:\/\/eexponmea.com\/de\/wp-json\/wp\/v2\/types\/page"}],"author":[{"embeddable":true,"href":"https:\/\/eexponmea.com\/de\/wp-json\/wp\/v2\/users\/1"}],"replies":[{"embeddable":true,"href":"https:\/\/eexponmea.com\/de\/wp-json\/wp\/v2\/comments?post=113"}],"version-history":[{"count":18,"href":"https:\/\/eexponmea.com\/de\/wp-json\/wp\/v2\/pages\/113\/revisions"}],"predecessor-version":[{"id":619,"href":"https:\/\/eexponmea.com\/de\/wp-json\/wp\/v2\/pages\/113\/revisions\/619"}],"wp:attachment":[{"href":"https:\/\/eexponmea.com\/de\/wp-json\/wp\/v2\/media?parent=113"}],"curies":[{"name":"wp","href":"https:\/\/api.w.org\/{rel}","templated":true}]}}