{"id":10,"date":"2019-11-18T23:25:49","date_gmt":"2019-11-18T22:25:49","guid":{"rendered":"https:\/\/eexponmea.com\/?page_id=10"},"modified":"2020-06-23T14:04:59","modified_gmt":"2020-06-23T12:04:59","slug":"ueber-uns","status":"publish","type":"page","link":"https:\/\/eexponmea.com\/de\/ueber-uns\/","title":{"rendered":"\u00dcber uns"},"content":{"rendered":"<p><strong>EEXPONMEA<\/strong> ist ein international agierendes Dienstleistungsunternehmen mit Unternehmenssitz in Hof, Deutschland. Wir befassen uns aktiv mit dem Vertrieb von Produkten der europ\u00e4ischen mittelst\u00e4ndischen Unternehmen im Nahen \/ MIttleren Osten und Afrika. Wir verstehen uns als Vermittler zwischen europ\u00e4ischen Unternehmen und Distributoren in Middle East &amp; Africa. Hier fungieren wir als <strong>\"Br\u00fccke zu Ihrem Unternehmen\"<\/strong>. Unser Unternehmen l\u00f6st t\u00e4glich neue spannende Herausforderungen f\u00fcr anspruchsvolle Kunden und Projekte.<\/p>\n\n\n\n<p>Wir vertreten europ\u00e4ische Unternehmen aus den Branchen FMCG (Konsumg\u00fcter, wie Lebensmittel, Pflegeprodukte), Automobil(-zubeh\u00f6r), Medical, Mode, Design u. \u00c4.<\/p>\n\n\n\n<p>Dabei ist besonders hervorzuheben, dass unser Vorteil darin besteht, dass wir die Region kennen und in dieser arbeiten, die zollrechtlichen Vorschriften, die Kultur dieses Marktes und seiner Menschen verstehen und hier Erfahrung haben.<\/p>\n\n\n\n<p>Wir bieten Markeninhabern eine einzigartige und kosteng\u00fcnstige L\u00f6sung, mit der sie in die M\u00e4rkte im Nahen \/ Mittleren Osten und in Afrika eintreten k\u00f6nnen, ohne die Kosten, Risiken und Verz\u00f6gerungen zu tragen, die mit der Er\u00f6ffnung von Auslandsb\u00fcros und der Einstellung von Mitarbeitern verbunden sind.<\/p>\n\n\n\n<p>Wir f\u00fchren alle wichtigen Vertriebs- und Marketingfunktionen aus, die die Exportabteilung eines Unternehmens \u00fcbernehmen w\u00fcrde, und nutzen dabei unsere umfassende Erfahrung in der strategischen Gesch\u00e4ftsplanung, im Vertriebs- und Marketingmanagement sowie in der Markenf\u00fchrung im Nahen \/ Mittleren Osten &amp; in Afrika.<\/p>\n\n\n\n<p>Wir ernennen und verwalten die richtigen Distributoren, helfen bei der Registrierung Ihrer Produkte bei den Beh\u00f6rden und bieten spezielle Unterst\u00fctzung f\u00fcr Logistik und Supply Chain Management, um sicherzustellen, dass Ihre Produkte oder Dienstleistungen so schnell und effizient wie m\u00f6glich bei Ihren Kunden ankommen.<\/p>\n\n\n\n<p><\/p>","protected":false},"excerpt":{"rendered":"<p>EEXPONMEA is an international service company based in Hof, Germany. We are actively involved in the sale of products from European medium-sized companies to the Middle East and Africa. We see ourselves as an intermediary between European companies and distributors in Middle East &amp; Africa. By doing so we are [&hellip;]<\/p>","protected":false},"author":1,"featured_media":0,"parent":0,"menu_order":0,"comment_status":"closed","ping_status":"closed","template":"","meta":{"footnotes":""},"_links":{"self":[{"href":"https:\/\/eexponmea.com\/de\/wp-json\/wp\/v2\/pages\/10"}],"collection":[{"href":"https:\/\/eexponmea.com\/de\/wp-json\/wp\/v2\/pages"}],"about":[{"href":"https:\/\/eexponmea.com\/de\/wp-json\/wp\/v2\/types\/page"}],"author":[{"embeddable":true,"href":"https:\/\/eexponmea.com\/de\/wp-json\/wp\/v2\/users\/1"}],"replies":[{"embeddable":true,"href":"https:\/\/eexponmea.com\/de\/wp-json\/wp\/v2\/comments?post=10"}],"version-history":[{"count":10,"href":"https:\/\/eexponmea.com\/de\/wp-json\/wp\/v2\/pages\/10\/revisions"}],"predecessor-version":[{"id":610,"href":"https:\/\/eexponmea.com\/de\/wp-json\/wp\/v2\/pages\/10\/revisions\/610"}],"wp:attachment":[{"href":"https:\/\/eexponmea.com\/de\/wp-json\/wp\/v2\/media?parent=10"}],"curies":[{"name":"wp","href":"https:\/\/api.w.org\/{rel}","templated":true}]}}